{"id":89,"date":"2023-08-01T09:16:03","date_gmt":"2023-08-01T09:16:03","guid":{"rendered":"https:\/\/themedox.com\/gerow\/?page_id=89"},"modified":"2025-03-01T11:30:14","modified_gmt":"2025-03-01T11:30:14","slug":"company-founder","status":"publish","type":"page","link":"https:\/\/smart-capital.ca\/fr\/company-founder\/","title":{"rendered":"Fondateur"},"content":{"rendered":"<div data-elementor-type=\"wp-page\" data-elementor-id=\"89\" class=\"elementor elementor-89\">\n\t\t\t\t\t\t<section class=\"elementor-section elementor-top-section elementor-element elementor-element-d4c2066 elementor-section-boxed elementor-section-height-default elementor-section-height-default\" data-id=\"d4c2066\" data-element_type=\"section\" data-e-type=\"section\">\n\t\t\t\t\t\t<div class=\"elementor-container elementor-column-gap-no\">\n\t\t\t\t\t<div class=\"elementor-column elementor-col-50 elementor-top-column elementor-element elementor-element-37b65ae\" data-id=\"37b65ae\" data-element_type=\"column\" data-e-type=\"column\">\n\t\t\t<div class=\"elementor-widget-wrap elementor-element-populated\">\n\t\t\t\t\t\t<div class=\"elementor-element elementor-element-6eca161 elementor-widget elementor-widget-image\" data-id=\"6eca161\" data-element_type=\"widget\" data-e-type=\"widget\" data-widget_type=\"image.default\">\n\t\t\t\t\t\t\t\t\t\t\t\t\t\t\t<img fetchpriority=\"high\" decoding=\"async\" width=\"2048\" height=\"2048\" src=\"https:\/\/smart-capital.ca\/wp-content\/uploads\/2024\/04\/432612685_1637445523731114_2883400669059236949_n-1-scaled.jpg\" class=\"attachment-full size-full wp-image-1362\" alt=\"\" srcset=\"https:\/\/smart-capital.ca\/wp-content\/uploads\/2024\/04\/432612685_1637445523731114_2883400669059236949_n-1-scaled.jpg 2048w, https:\/\/smart-capital.ca\/wp-content\/uploads\/2024\/04\/432612685_1637445523731114_2883400669059236949_n-1-300x300.jpg 300w, https:\/\/smart-capital.ca\/wp-content\/uploads\/2024\/04\/432612685_1637445523731114_2883400669059236949_n-1-1024x1024.jpg 1024w, https:\/\/smart-capital.ca\/wp-content\/uploads\/2024\/04\/432612685_1637445523731114_2883400669059236949_n-1-150x150.jpg 150w, https:\/\/smart-capital.ca\/wp-content\/uploads\/2024\/04\/432612685_1637445523731114_2883400669059236949_n-1-768x768.jpg 768w, https:\/\/smart-capital.ca\/wp-content\/uploads\/2024\/04\/432612685_1637445523731114_2883400669059236949_n-1-1536x1536.jpg 1536w\" sizes=\"(max-width: 2048px) 100vw, 2048px\" title=\"\">\t\t\t\t\t\t\t\t\t\t\t\t\t\t\t<\/div>\n\t\t\t\t<div class=\"elementor-element elementor-element-1aca650 elementor-widget elementor-widget-team-info\" data-id=\"1aca650\" data-element_type=\"widget\" data-e-type=\"widget\" data-widget_type=\"team-info.default\">\n\t\t\t\t<div class=\"elementor-widget-container\">\n\t\t\t\t\t\r\n        <div class=\"team-details-info\">\r\n            <ul class=\"list-wrap\">\r\n                                    <li>\r\n                                                    <i aria-hidden=\"true\" class=\"genix flaticon-phone-call\"><\/i>                                                +1 514 995 4080                    <\/li>\r\n                                    <li>\r\n                                                    <i aria-hidden=\"true\" class=\"genix flaticon-mail\"><\/i>                                                mehdi@smart-capital.ca                    <\/li>\r\n                                    <li>\r\n                                                    <i aria-hidden=\"true\" class=\"genix flaticon-location\"><\/i>                                                1796, Rue Laurier, Longueuil, Qu\u00e9bec J4J 4H8                    <\/li>\r\n                            <\/ul>\r\n            <div class=\"td-info-bottom\">\r\n\r\n                \r\n                \r\n            <\/div>\r\n        <\/div>\r\n\r\n\t\t\t\t<\/div>\n\t\t\t\t<\/div>\n\t\t\t\t\t<\/div>\n\t\t<\/div>\n\t\t\t\t<div class=\"elementor-column elementor-col-50 elementor-top-column elementor-element elementor-element-41b4ab2\" data-id=\"41b4ab2\" data-element_type=\"column\" data-e-type=\"column\">\n\t\t\t<div class=\"elementor-widget-wrap elementor-element-populated\">\n\t\t\t\t\t\t<div class=\"elementor-element elementor-element-26e2c34 elementor-widget elementor-widget-heading\" data-id=\"26e2c34\" data-element_type=\"widget\" data-e-type=\"widget\" data-widget_type=\"heading.default\">\n\t\t\t\t\t<h1 class=\"elementor-heading-title elementor-size-default\">Mehdi Khalfallah<\/h1>\t\t\t\t<\/div>\n\t\t\t\t<div class=\"elementor-element elementor-element-cf95bd7 team-details-title elementor-widget elementor-widget-heading\" data-id=\"cf95bd7\" data-element_type=\"widget\" data-e-type=\"widget\" data-widget_type=\"heading.default\">\n\t\t\t\t\t<p class=\"elementor-heading-title elementor-size-default\">CEO Smart-Capital<\/p>\t\t\t\t<\/div>\n\t\t\t\t<div class=\"elementor-element elementor-element-627437a elementor-widget elementor-widget-heading\" data-id=\"627437a\" data-element_type=\"widget\" data-e-type=\"widget\" data-widget_type=\"heading.default\">\n\t\t\t\t\t<p class=\"elementor-heading-title elementor-size-default\">Mehdi Khalfallah, fondateur de Smart Capital, poss\u00e8de une solide exp\u00e9rience en finance et en immobilier, avec 7 ann\u00e9es consacr\u00e9es \u00e0 la due diligence, \u00e0 la souscription et \u00e0 la lev\u00e9e de fonds, compl\u00e9t\u00e9es par un MBA. Il a d\u00e9but\u00e9 sa carri\u00e8re en tant qu'\u00e9valuateur immobilier et a ensuite \u00e9volu\u00e9 vers le poste de gestionnaire de portefeuille immobilier \u00e0 la Banque Laurentienne \u00e0 Qu\u00e9bec. Par la suite, il a \u00e9t\u00e9 associ\u00e9 sur une plateforme de financement participatif immobilier \u00e0 Vancouver. L'expertise diversifi\u00e9e de Mehdi couvre les secteurs financier et immobilier, s'alignant parfaitement avec la mission de Smart Capital de donner du pouvoir aux investisseurs et aux clients dans ces domaines.<\/p>\t\t\t\t<\/div>\n\t\t\t\t<div class=\"elementor-element elementor-element-25a7f4f team-details-title elementor-widget elementor-widget-heading\" data-id=\"25a7f4f\" data-element_type=\"widget\" data-e-type=\"widget\" data-widget_type=\"heading.default\">\n\t\t\t\t\t<h2 class=\"elementor-heading-title elementor-size-default\">Mon expertise &amp; comp\u00e9tences<\/h2>\t\t\t\t<\/div>\n\t\t\t\t<div class=\"elementor-element elementor-element-5baf34b elementor-widget elementor-widget-tg-progressbar\" data-id=\"5baf34b\" data-element_type=\"widget\" data-e-type=\"widget\" data-widget_type=\"tg-progressbar.default\">\n\t\t\t\t<div class=\"elementor-widget-container\">\n\t\t\t\t\t\r\n\r\n        \r\n            <div class=\"progress-wrap\">\r\n                                    <div class=\"progress-item\">\r\n                        <h6 class=\"title\">Lev\u00e9e du capital<\/h6>\r\n                        <div class=\"progress\" role=\"progressbar\" aria-label=\"Exemple avec \u00e9tiquette\" aria-valuenow=\"90\" aria-valuemin=\"0\" aria-valuemax=\"100\">\r\n                            <div class=\"progress-bar wow slideInLeft\" data-wow-delay=\".1s\" style=\"width: 90%\">\r\n                                <span>90%<\/span>\r\n                            <\/div>\r\n                        <\/div>\r\n                    <\/div>\r\n                                    <div class=\"progress-item\">\r\n                        <h6 class=\"title\">Due Diligence<\/h6>\r\n                        <div class=\"progress\" role=\"progressbar\" aria-label=\"Exemple avec \u00e9tiquette\" aria-valuenow=\"90\" aria-valuemin=\"0\" aria-valuemax=\"100\">\r\n                            <div class=\"progress-bar wow slideInLeft\" data-wow-delay=\".2s\" style=\"width: 90%\">\r\n                                <span>90%<\/span>\r\n                            <\/div>\r\n                        <\/div>\r\n                    <\/div>\r\n                                    <div class=\"progress-item\">\r\n                        <h6 class=\"title\">Dette<\/h6>\r\n                        <div class=\"progress\" role=\"progressbar\" aria-label=\"Exemple avec \u00e9tiquette\" aria-valuenow=\"80\" aria-valuemin=\"0\" aria-valuemax=\"100\">\r\n                            <div class=\"progress-bar wow slideInLeft\" data-wow-delay=\".3s\" style=\"width: 80%\">\r\n                                <span>80%<\/span>\r\n                            <\/div>\r\n                        <\/div>\r\n                    <\/div>\r\n                            <\/div>\r\n\r\n        \r\n\t\t\t\t<\/div>\n\t\t\t\t<\/div>\n\t\t\t\t\t<\/div>\n\t\t<\/div>\n\t\t\t\t\t<\/div>\n\t\t<\/section>\n\t\t\t\t<\/div>","protected":false},"excerpt":{"rendered":"<p>+1 514 995 4080 mehdi@smart-capital.ca 1796 Rue Laurier Longueuil, Qu\u00e9bec J4J 4H8 Mehdi Khalfallah Chief Executive Officer Smart-Capital Mehdi Khalfallah, Founder of Smart Capital, brings a robust background in finance and real estate, with 7 years dedicated to due diligence, underwriting, and fundraising complemented by an MBA. He began his career as a real estate [&hellip;]<\/p>\n","protected":false},"author":1,"featured_media":0,"parent":0,"menu_order":0,"comment_status":"closed","ping_status":"closed","template":"elementor_header_footer","meta":{"_acf_changed":false,"iawp_total_views":200,"footnotes":""},"class_list":["post-89","page","type-page","status-publish","hentry"],"acf":[],"_links":{"self":[{"href":"https:\/\/smart-capital.ca\/fr\/wp-json\/wp\/v2\/pages\/89","targetHints":{"allow":["GET"]}}],"collection":[{"href":"https:\/\/smart-capital.ca\/fr\/wp-json\/wp\/v2\/pages"}],"about":[{"href":"https:\/\/smart-capital.ca\/fr\/wp-json\/wp\/v2\/types\/page"}],"author":[{"embeddable":true,"href":"https:\/\/smart-capital.ca\/fr\/wp-json\/wp\/v2\/users\/1"}],"replies":[{"embeddable":true,"href":"https:\/\/smart-capital.ca\/fr\/wp-json\/wp\/v2\/comments?post=89"}],"version-history":[{"count":0,"href":"https:\/\/smart-capital.ca\/fr\/wp-json\/wp\/v2\/pages\/89\/revisions"}],"wp:attachment":[{"href":"https:\/\/smart-capital.ca\/fr\/wp-json\/wp\/v2\/media?parent=89"}],"curies":[{"name":"wp","href":"https:\/\/api.w.org\/{rel}","templated":true}]}}