{"id":1575,"date":"2024-04-16T18:27:02","date_gmt":"2024-04-16T18:27:02","guid":{"rendered":"https:\/\/smart-capital.ca\/?page_id=1575"},"modified":"2024-08-28T21:01:45","modified_gmt":"2024-08-28T21:01:45","slug":"digital-marketing-consultant","status":"publish","type":"page","link":"https:\/\/smart-capital.ca\/fr\/digital-marketing-consultant\/","title":{"rendered":"Consultant Marketing Digital"},"content":{"rendered":"<div data-elementor-type=\"wp-page\" data-elementor-id=\"1575\" class=\"elementor elementor-1575\">\n\t\t\t\t\t\t<section class=\"elementor-section elementor-top-section elementor-element elementor-element-f0998f6 elementor-section-boxed elementor-section-height-default elementor-section-height-default\" data-id=\"f0998f6\" data-element_type=\"section\" data-e-type=\"section\">\n\t\t\t\t\t\t<div class=\"elementor-container elementor-column-gap-no\">\n\t\t\t\t\t<div class=\"elementor-column elementor-col-50 elementor-top-column elementor-element elementor-element-79017cda\" data-id=\"79017cda\" data-element_type=\"column\" data-e-type=\"column\">\n\t\t\t<div class=\"elementor-widget-wrap elementor-element-populated\">\n\t\t\t\t\t\t<div class=\"elementor-element elementor-element-3d13ace9 elementor-widget elementor-widget-image\" data-id=\"3d13ace9\" data-element_type=\"widget\" data-e-type=\"widget\" data-widget_type=\"image.default\">\n\t\t\t\t\t\t\t\t\t\t\t\t\t\t\t<img fetchpriority=\"high\" decoding=\"async\" width=\"960\" height=\"956\" src=\"https:\/\/smart-capital.ca\/wp-content\/uploads\/2024\/04\/Yassine-Bahri.jpg\" class=\"attachment-full size-full wp-image-1579\" alt=\"\" srcset=\"https:\/\/smart-capital.ca\/wp-content\/uploads\/2024\/04\/Yassine-Bahri.jpg 960w, https:\/\/smart-capital.ca\/wp-content\/uploads\/2024\/04\/Yassine-Bahri-300x300.jpg 300w, https:\/\/smart-capital.ca\/wp-content\/uploads\/2024\/04\/Yassine-Bahri-150x150.jpg 150w, https:\/\/smart-capital.ca\/wp-content\/uploads\/2024\/04\/Yassine-Bahri-768x765.jpg 768w\" sizes=\"(max-width: 960px) 100vw, 960px\" title=\"\">\t\t\t\t\t\t\t\t\t\t\t\t\t\t\t<\/div>\n\t\t\t\t<div class=\"elementor-element elementor-element-198561df elementor-widget elementor-widget-team-info\" data-id=\"198561df\" data-element_type=\"widget\" data-e-type=\"widget\" data-widget_type=\"team-info.default\">\n\t\t\t\t<div class=\"elementor-widget-container\">\n\t\t\t\t\t\r\n        <div class=\"team-details-info\">\r\n            <ul class=\"list-wrap\">\r\n                                    <li>\r\n                                                    <i aria-hidden=\"true\" class=\"genix flaticon-phone-call\"><\/i>                                                +1 581 777 6623                    <\/li>\r\n                                    <li>\r\n                                                    <i aria-hidden=\"true\" class=\"genix flaticon-mail\"><\/i>                                                yassine@smart-capital.ca                    <\/li>\r\n                                    <li>\r\n                                                    <i aria-hidden=\"true\" class=\"genix flaticon-location\"><\/i>                                                1796, Rue Laurier, Longueuil, Qu\u00e9bec J4J 4H8                    <\/li>\r\n                            <\/ul>\r\n            <div class=\"td-info-bottom\">\r\n\r\n                \r\n                \r\n            <\/div>\r\n        <\/div>\r\n\r\n\t\t\t\t<\/div>\n\t\t\t\t<\/div>\n\t\t\t\t\t<\/div>\n\t\t<\/div>\n\t\t\t\t<div class=\"elementor-column elementor-col-50 elementor-top-column elementor-element elementor-element-1b50fbde\" data-id=\"1b50fbde\" data-element_type=\"column\" data-e-type=\"column\">\n\t\t\t<div class=\"elementor-widget-wrap elementor-element-populated\">\n\t\t\t\t\t\t<div class=\"elementor-element elementor-element-aee8346 elementor-widget elementor-widget-heading\" data-id=\"aee8346\" data-element_type=\"widget\" data-e-type=\"widget\" data-widget_type=\"heading.default\">\n\t\t\t\t\t<h2 class=\"elementor-heading-title elementor-size-default\">Yassine Bahri<\/h2>\t\t\t\t<\/div>\n\t\t\t\t<div class=\"elementor-element elementor-element-498cde4 team-details-title elementor-widget elementor-widget-heading\" data-id=\"498cde4\" data-element_type=\"widget\" data-e-type=\"widget\" data-widget_type=\"heading.default\">\n\t\t\t\t\t<p class=\"elementor-heading-title elementor-size-default\">Consultant Digital Marketing Smart-Capital<\/p>\t\t\t\t<\/div>\n\t\t\t\t<div class=\"elementor-element elementor-element-19a2fc55 elementor-widget elementor-widget-heading\" data-id=\"19a2fc55\" data-element_type=\"widget\" data-e-type=\"widget\" data-widget_type=\"heading.default\">\n\t\t\t\t\t<p class=\"elementor-heading-title elementor-size-default\">Titulaire d'un Master en Marketing Connect\u00e9 et Communication Digitale, Yassine apporte \u00e0 notre \u00e9quipe une richesse d'expertise et d'innovation. Fort d'une exp\u00e9rience av\u00e9r\u00e9e dans l'exploitation de strat\u00e9gies num\u00e9riques de pointe pour stimuler la croissance des entreprises, il est expert dans l'exploration du paysage dynamique du marketing en ligne. Sa profonde compr\u00e9hension du comportement des consommateurs, combin\u00e9e \u00e0 des connaissances strat\u00e9giques, garantit \u00e0 nos clients des solutions sur mesure qui maximisent leur pr\u00e9sence num\u00e9rique et g\u00e9n\u00e8rent des r\u00e9sultats tangibles. Chez Smart Capital, Yassine s'engage \u00e0 offrir une valeur exceptionnelle et \u00e0 propulser nos clients vers un succ\u00e8s durable dans le domaine num\u00e9rique.<\/p>\t\t\t\t<\/div>\n\t\t\t\t<div class=\"elementor-element elementor-element-4640ebf1 team-details-title elementor-widget elementor-widget-heading\" data-id=\"4640ebf1\" data-element_type=\"widget\" data-e-type=\"widget\" data-widget_type=\"heading.default\">\n\t\t\t\t\t<h2 class=\"elementor-heading-title elementor-size-default\">My Expertise & Skills<\/h2>\t\t\t\t<\/div>\n\t\t\t\t<div class=\"elementor-element elementor-element-18c6e7f0 elementor-widget elementor-widget-tg-progressbar\" data-id=\"18c6e7f0\" data-element_type=\"widget\" data-e-type=\"widget\" data-widget_type=\"tg-progressbar.default\">\n\t\t\t\t<div class=\"elementor-widget-container\">\n\t\t\t\t\t\r\n\r\n        \r\n            <div class=\"progress-wrap\">\r\n                                    <div class=\"progress-item\">\r\n                        <h6 class=\"title\">Conception Graphique<\/h6>\r\n                        <div class=\"progress\" role=\"progressbar\" aria-label=\"Exemple avec \u00e9tiquette\" aria-valuenow=\"85\" aria-valuemin=\"0\" aria-valuemax=\"100\">\r\n                            <div class=\"progress-bar wow slideInLeft\" data-wow-delay=\".1s\" style=\"width: 85%\">\r\n                                <span>85%<\/span>\r\n                            <\/div>\r\n                        <\/div>\r\n                    <\/div>\r\n                                    <div class=\"progress-item\">\r\n                        <h6 class=\"title\">Le Marketing Num\u00e9rique<\/h6>\r\n                        <div class=\"progress\" role=\"progressbar\" aria-label=\"Exemple avec \u00e9tiquette\" aria-valuenow=\"80\" aria-valuemin=\"0\" aria-valuemax=\"100\">\r\n                            <div class=\"progress-bar wow slideInLeft\" data-wow-delay=\".2s\" style=\"width: 80%\">\r\n                                <span>80%<\/span>\r\n                            <\/div>\r\n                        <\/div>\r\n                    <\/div>\r\n                                    <div class=\"progress-item\">\r\n                        <h6 class=\"title\">D\u00e9veloppement Web<\/h6>\r\n                        <div class=\"progress\" role=\"progressbar\" aria-label=\"Exemple avec \u00e9tiquette\" aria-valuenow=\"76\" aria-valuemin=\"0\" aria-valuemax=\"100\">\r\n                            <div class=\"progress-bar wow slideInLeft\" data-wow-delay=\".3s\" style=\"width: 76%\">\r\n                                <span>76%<\/span>\r\n                            <\/div>\r\n                        <\/div>\r\n                    <\/div>\r\n                            <\/div>\r\n\r\n        \r\n\t\t\t\t<\/div>\n\t\t\t\t<\/div>\n\t\t\t\t\t<\/div>\n\t\t<\/div>\n\t\t\t\t\t<\/div>\n\t\t<\/section>\n\t\t\t\t<\/div>","protected":false},"excerpt":{"rendered":"<p>+1 581 777 6623 yassine@smart-capital.ca 1796 Rue Laurier Longueuil, Qu\u00e9bec J4J 4H8 Yassine Bahri Digital Marketing Consultant Smart-Capital Armed with a Master\u2019s degree in Connected Marketing and Digital Communication, Yassine brings a wealth of expertise and innovation to our team. With a proven track record of leveraging cutting-edge digital strategies to drive business growth, he [&hellip;]<\/p>\n","protected":false},"author":1,"featured_media":0,"parent":0,"menu_order":0,"comment_status":"closed","ping_status":"closed","template":"","meta":{"_acf_changed":false,"iawp_total_views":11,"footnotes":""},"class_list":["post-1575","page","type-page","status-publish","hentry"],"acf":[],"_links":{"self":[{"href":"https:\/\/smart-capital.ca\/fr\/wp-json\/wp\/v2\/pages\/1575","targetHints":{"allow":["GET"]}}],"collection":[{"href":"https:\/\/smart-capital.ca\/fr\/wp-json\/wp\/v2\/pages"}],"about":[{"href":"https:\/\/smart-capital.ca\/fr\/wp-json\/wp\/v2\/types\/page"}],"author":[{"embeddable":true,"href":"https:\/\/smart-capital.ca\/fr\/wp-json\/wp\/v2\/users\/1"}],"replies":[{"embeddable":true,"href":"https:\/\/smart-capital.ca\/fr\/wp-json\/wp\/v2\/comments?post=1575"}],"version-history":[{"count":0,"href":"https:\/\/smart-capital.ca\/fr\/wp-json\/wp\/v2\/pages\/1575\/revisions"}],"wp:attachment":[{"href":"https:\/\/smart-capital.ca\/fr\/wp-json\/wp\/v2\/media?parent=1575"}],"curies":[{"name":"wp","href":"https:\/\/api.w.org\/{rel}","templated":true}]}}